{"id":5358,"date":"2021-07-25T21:08:15","date_gmt":"2021-07-25T21:08:15","guid":{"rendered":"https:\/\/yays.com\/faqs\/"},"modified":"2023-01-23T14:24:14","modified_gmt":"2023-01-23T14:24:14","slug":"faqs","status":"publish","type":"page","link":"https:\/\/yays.com\/fr\/faqs\/","title":{"rendered":"FAQs"},"content":{"rendered":"","protected":false},"excerpt":{"rendered":"","protected":false},"author":1,"featured_media":0,"parent":0,"menu_order":0,"comment_status":"closed","ping_status":"closed","template":"templates\/page-faqs.php","meta":{"_acf_changed":false,"footnotes":""},"class_list":["post-5358","page","type-page","status-publish","hentry"],"acf":{"footer_icon_grid_settings":"off","faqs__title":"questions fr\u00e9quentes","faqs__description":"","faqs__category":[{"faqs__category-title":"appartements \u00e9quip\u00e9s","faqs__questions-answers":[{"faqs__question":"Que comprend l'appartement ?","faqs__answer":"<p>Nous proposons des appartements avec cuisine \u00e9quip\u00e9e, \u00e9lectrom\u00e9nager, literie et serviettes. Vous aurez beaucoup plus d&rsquo;espace et d&rsquo;intimit\u00e9 par rapport \u00e0 une chambre d&rsquo;h\u00f4tel moyenne, tout en profitant d&rsquo;un acc\u00e8s 24\/7 \u00e0 un initi\u00e9 YAYS.<\/p>\n"},{"faqs__question":"Offrez-vous un service de m\u00e9nage quotidien ?","faqs__answer":"<p>Pour vous laisser la libert\u00e9 de g\u00e9rer votre appartement comme bon vous semble, nous ne fournissons pas de service de m\u00e9nage quotidien dans votre appartement. Un m\u00e9nage gratuit est offert lorsque vous s\u00e9journez plus de 7 nuits. Contrairement \u00e0 une exp\u00e9rience d&rsquo;h\u00f4tel classique, un s\u00e9jour chez YAYS vous donne l&rsquo;impression d&rsquo;avoir votre propre appartement en ville. C&rsquo;est pourquoi vous n&rsquo;aurez pas besoin d&rsquo;apposer le signe \u00ab\u00a0ne pas d\u00e9ranger\u00a0\u00bb \u00e0 l&rsquo;ext\u00e9rieur de votre porte pour pr\u00e9server votre tranquillit\u00e9. Si vous souhaitez faire nettoyer votre appartement en dehors du nettoyage hebdomadaire pr\u00e9vu, vous pouvez le solliciter \u00e0 tout moment. Le m\u00e9nage sera organis\u00e9 en fonction des disponibilit\u00e9s, moyennant des frais suppl\u00e9mentaires.<\/p>\n"},{"faqs__question":"\u00c0 quelle fr\u00e9quence fournissez-vous du linge de maison et des serviettes de toilette ?","faqs__answer":"<p>Chez YAYS, nous nous soucions de l&rsquo;environnement, donc par d\u00e9faut nous ne changeons le linge et les serviettes qu&rsquo;une fois par semaine pendant le nettoyage hebdomadaire. Un ensemble de serviettes ou de draps de rechange peut \u00eatre fourni moyennant des frais suppl\u00e9mentaires chaque fois que vous en avez besoin.<\/p>\n"},{"faqs__question":"Un nettoyage final est-il factur\u00e9 s\u00e9par\u00e9ment ?","faqs__answer":"<p>Aucuns frais annexes cach\u00e9s. Le nettoyage final de votre appartement est inclus dans le prix de votre s\u00e9jour. Nous vous demandons uniquement de laisser votre appartement aussi propre que vous le feriez chez vous, de charger toute la vaisselle sale dans le lave-vaisselle et de lancer un programme de lavage avant votre d\u00e9part. Notre personnel d&rsquo;entretien s&rsquo;occupe du reste.<\/p>\n"},{"faqs__question":"Les frais de chauffage sont-ils inclus ?","faqs__answer":"<p>Absolument. Votre appartement est \u00e9quip\u00e9 d&rsquo;un syst\u00e8me de chauffage ind\u00e9pendant afin que vous puissiez r\u00e9guler la temp\u00e9rature dans votre appartement pour un confort optimal sans frais suppl\u00e9mentaires.<\/p>\n"},{"faqs__question":"","faqs__answer":""}]},{"faqs__category-title":"\u00e9quipements et services","faqs__questions-answers":[{"faqs__question":"Le Wi-Fi est-il disponible ?","faqs__answer":"<p>Une connexion Wi-Fi haut d\u00e9bit est disponible gratuitement dans votre appartement YAYS.<\/p>\n"},{"faqs__question":"Dois-je pr\u00e9voir mon s\u00e8che-cheveux ?","faqs__answer":"<p>Gardez de la place dans vos bagages pour des souvenirs\u00a0! Chez YAYS, des s\u00e8che-cheveux sont disponibles gratuitement dans chaque appartement.<\/p>\n"},{"faqs__question":"Comment repasser mes v\u00eatements ?","faqs__answer":"<p>Vous trouverez un fer et une planche \u00e0 repasser dans votre appartement. Le sentiment d&rsquo;\u00eatre chez soi pourrait-il \u00eatre encore plus r\u00e9el\u00a0?<\/p>\n"},{"faqs__question":"Les articles de toilette sont-ils fournis ?","faqs__answer":"<p>Shampooing et gel douche sont fournis, ainsi que deux rouleaux de papier toilette.<\/p>\n"},{"faqs__question":"Les boissons sont-elles fournies ?","faqs__answer":"<p>YAYS est un excellent point de d\u00e9part pour explorer tous les endroits typiques du quartier o\u00f9 vous pourrez d\u00e9guster des sp\u00e9cialit\u00e9s locales. C&rsquo;est pour cela que vous ne trouverez que du th\u00e9, du caf\u00e9 et du sucre dans votre appartement.<\/p>\n"},{"faqs__question":"Puis-je demander un lit suppl\u00e9mentaire ?","faqs__answer":"<p>Si vous r\u00e9servez un appartement avec un canap\u00e9-lit, vous trouverez un ensemble de literie suppl\u00e9mentaire \u00e0 utiliser comme lit d&rsquo;appoint. Malheureusement, pour des raisons de s\u00e9curit\u00e9, il n&rsquo;est pas possible d&rsquo;ajouter des lits suppl\u00e9mentaires.<\/p>\n"},{"faqs__question":"","faqs__answer":""},{"faqs__question":"","faqs__answer":""},{"faqs__question":"","faqs__answer":""},{"faqs__question":"","faqs__answer":""},{"faqs__question":"","faqs__answer":""}]},{"faqs__category-title":"conditions de l'appartement","faqs__questions-answers":[{"faqs__question":"Quel est l'\u00e2ge minimum requis pour r\u00e9server un appartement avec YAYS ?","faqs__answer":"<p>L&rsquo;\u00e2ge minimum requis pour r\u00e9server un appartement est de 18 ans.<\/p>\n"},{"faqs__question":"Les animaux de compagnie sont-ils accept\u00e9s ?","faqs__answer":"<p>Notre politique g\u00e9n\u00e9rale est de ne pas autoriser les animaux de compagnie dans nos propri\u00e9t\u00e9s. En fonction de l&#8217;emplacement et de la disponibilit\u00e9, cependant, des exceptions peuvent \u00eatre possibles. Nous vous invitons \u00e0 faire une demande sp\u00e9ciale aupr\u00e8s de notre service R\u00e9servations pour v\u00e9rifier si nous pouvons effectivement accueillir votre animal de compagnie, avant de terminer votre r\u00e9servation. Des frais suppl\u00e9mentaires peuvent s&rsquo;appliquer dans ce cas.<\/p>\n"},{"faqs__question":"Combien de personnes peuvent s\u00e9journer dans mon appartement ?","faqs__answer":"<p>Le nombre de personnes autoris\u00e9es dans votre location est indiqu\u00e9 dans les informations de l&rsquo;appartement au moment de la r\u00e9servation. Pour votre propre s\u00e9curit\u00e9 et celle des autres, les r\u00e9glementations locales et les politiques de l&rsquo;entreprise ne permettent pas \u00e0 un plus grand nombre de personnes de s\u00e9journer dans un appartement donn\u00e9. Certains appartements peuvent \u00eatre r\u00e9serv\u00e9s uniquement pour 2 adultes et 2 enfants de 12 ans ou moins. Il n&rsquo;est pas possible de placer des lits d&rsquo;appoint dans les appartements, \u00e0 l&rsquo;exception d&rsquo;un lit b\u00e9b\u00e9 pour un enfant \u00e2g\u00e9 de 2 ans ou moins.<\/p>\n"},{"faqs__question":"","faqs__answer":""},{"faqs__question":"","faqs__answer":""},{"faqs__question":"","faqs__answer":""}]},{"faqs__category-title":"politiques de paiement","faqs__questions-answers":[{"faqs__question":"Quand dois-je payer pour mon s\u00e9jour ?","faqs__answer":"<p>Vous devrez payer votre s\u00e9jour \u00e0 l&rsquo;avance. Attention\u00a0: si un paiement n&rsquo;est pas trait\u00e9 dans les d\u00e9lais, votre r\u00e9servation ne sera pas confirm\u00e9e.<\/p>\n"},{"faqs__question":"Comment puis-je payer ?","faqs__answer":"<p>Pour garder les choses aussi simples et s\u00fbres que possible, nous n&rsquo;acceptons pas les paiements en esp\u00e8ces. Lorsque vous r\u00e9servez en dehors de la zone euro, cela vous dispense \u00e9galement de changer de devises \u00e9trang\u00e8res. Vous pouvez r\u00e9gler votre s\u00e9jour avec n&rsquo;importe quelle carte de cr\u00e9dit ou syst\u00e8me de paiement direct: Visa, Mastercard, American Express, Diners, Apple pay, Google pay, Samsung pay, JCB, Maestro, Discover et iDeal.. Si vous avez besoin d&rsquo;informations suppl\u00e9mentaires sur ces options de paiement, veuillez contacter notre service R\u00e9servations.<\/p>\n"},{"faqs__question":"Que dois-je faire pour obtenir une facture pour mon paiement ?","faqs__answer":"<p>Vous pouvez demander votre facture au moment de votre d\u00e9part. Veuillez vous assurer d&rsquo;avoir tous les d\u00e9tails de facturation n\u00e9cessaires \u00e0 port\u00e9e de main.<\/p>\n"}]},{"faqs__category-title":"arriv\u00e9e et d\u00e9part","faqs__questions-answers":[{"faqs__question":"Comment puis-je m'enregistrer pour une place YAYS ?","faqs__answer":"<p>Aparthotels YAYS.<\/p>\n<p>Quelques jours avant votre arriv\u00e9e, vous recevrez un e-mail vous invitant \u00e0 vous enregistrer en ligne via notre plateforme MEWS. Suivez simplement ces \u00e9tapes pour \u00e9viter les tracas administratifs \u00e0 votre arriv\u00e9e et gagner du temps pour explorer le quartier.<\/p>\n<p>&nbsp;<\/p>\n<p>Nos initi\u00e9s YAYS vous accueilleront \u00e0 votre arriv\u00e9e dans notre base. Bien s\u00fbr, vous pouvez \u00e9galement organiser le check-in complet \u00e0 votre arriv\u00e9e.<\/p>\n<p>&nbsp;<\/p>\n<p>Veuillez noter que vous devez disposer d&rsquo;une carte de cr\u00e9dit valide pour effectuer l&rsquo;enregistrement (en ligne).<\/p>\n"},{"faqs__question":"Comment puis-je m'enregistrer pour une place by YAYS ?","faqs__answer":"<p>by YAYS Appartements avec services.<\/p>\n<p>Nos appartements by YAYS disposent d&rsquo;un acc\u00e8s sans cl\u00e9 et d&rsquo;un syst\u00e8me d&rsquo;enregistrement automatique disponible 24 heures sur 24, 7 jours sur 7, 365 jours par an.<\/p>\n<p>&nbsp;<\/p>\n<p>Dans la semaine pr\u00e9c\u00e9dant votre date d&rsquo;arriv\u00e9e, vous recevrez un email pour acc\u00e9der au processus d&rsquo;enregistrement en ligne et de v\u00e9rification d&rsquo;identit\u00e9. Suivez simplement les \u00e9tapes pour un enregistrement r\u00e9ussi et r\u00e9glez tous les paiements en ligne avant votre arriv\u00e9e. Cela garantit une entr\u00e9e en douceur.<\/p>\n<p>&nbsp;<\/p>\n<p>Apr\u00e8s un enregistrement et une v\u00e9rification d&rsquo;identit\u00e9 r\u00e9ussis, nous vous enverrons les d\u00e9tails d&rsquo;acc\u00e8s \u00e0 l&rsquo;entr\u00e9e sans cl\u00e9 le jour de votre arriv\u00e9e. L&rsquo;auto-enregistrement est possible \u00e0 tout moment apr\u00e8s l&rsquo;heure d&rsquo;enregistrement.<\/p>\n<p>&nbsp;<\/p>\n<p>Nous n&rsquo;avons pas de possibilit\u00e9 de stockage des bagages dans les b\u00e2timents.<\/p>\n<p>&nbsp;<\/p>\n<p>N&rsquo;h\u00e9sitez pas \u00e0 contacter l&rsquo;\u00e9quipe du service client\u00e8le YAYS 24 heures sur 24 et 7 jours sur 7 pour toute assistance.<\/p>\n"},{"faqs__question":"\u00e0 quelle heure se fait l'enregistrement ?","faqs__answer":"<p>Amsterdam, La Haye et Anvers<\/p>\n<p>L&rsquo;heure d&rsquo;enregistrement standard est \u00e0 partir de 15 heures pour tous les \u00e9tablissements \u00e0 Amsterdam, La Haye et Anvers.<\/p>\n<p>&nbsp;<\/p>\n<p>Paris<\/p>\n<p>L&rsquo;heure d&rsquo;enregistrement standard est \u00e0 partir de 15 heures pour tous les \u00e9tablissements \u00e0 Paris.<\/p>\n<p>&nbsp;<\/p>\n<p>Tous les lieux YAYS ont des initi\u00e9s YAYS sur place 24 heures sur 24 et 7 jours sur 7, vous pouvez donc arriver \u00e0 tout moment apr\u00e8s cette heure.<\/p>\n<p>&nbsp;<\/p>\n<p>Tous les \u00e9tablissements YAYS ont un acc\u00e8s sans cl\u00e9 et un syst\u00e8me d&rsquo;enregistrement automatique disponible 24 heures sur 24, 7 jours sur 7, 365 jours par an. Le self check-in est disponible \u00e0 tout moment apr\u00e8s l&rsquo;heure d&rsquo;enregistrement indiqu\u00e9e ci-dessus.<\/p>\n"},{"faqs__question":"\u00e0 quelle heure se fait le check-out ?","faqs__answer":"<p>L&rsquo;heure de d\u00e9part standard est de 11 heures dans tous nos \u00e9tablissements.<\/p>\n<p>&nbsp;<\/p>\n<p>Nous proposons un service de d\u00e9part sans contact, alors n&rsquo;h\u00e9sitez pas \u00e0 partir \u00e0 tout moment avant cette heure.<\/p>\n"},{"faqs__question":"Puis-je stocker mes bagages avant l'arriv\u00e9e ou apr\u00e8s le d\u00e9part ?","faqs__answer":"<p>Aparthotels YAYS.<\/p>\n<p>Oui, nous avons une consigne \u00e0 bagages disponible dans tous les \u00e9tablissements YAYS. Vous pouvez l&rsquo;utiliser avant et apr\u00e8s votre s\u00e9jour chez nous.<\/p>\n<p>&nbsp;<\/p>\n<p>par les appartements avec services YAYS.<\/p>\n<p>Non, nous n&rsquo;avons pas de possibilit\u00e9 de stockage des bagages dans tous les \u00e9tablissements YAYS.<\/p>\n<p>N&rsquo;h\u00e9sitez pas \u00e0 contacter l&rsquo;\u00e9quipe du service client\u00e8le de YAYS 24 heures sur 24 et 7 jours sur 7 pour vous aider \u00e0 trouver des options de stockage de bagages locales.<\/p>\n"}]},{"faqs__category-title":"COVID-19","faqs__questions-answers":[{"faqs__question":"YAYS est-il ouvert ?","faqs__answer":"<p>Nous sommes ouverts partout \u00e0 <a href=\"https:\/\/yays.com\/fr\/cities\/amsterdam\/\">Amsterdam<\/a>, <a href=\"https:\/\/yays.com\/fr\/cities\/la-haye\/\">La Haye<\/a> et <a href=\"https:\/\/yays.com\/fr\/cities\/paris\/\">Paris<\/a>.<\/p>\n"},{"faqs__question":"Que faites-vous pour assurer la s\u00e9curit\u00e9 de vos voyageurs et de votre personnel ?","faqs__answer":"<p>Pour la tranquillit\u00e9 d&rsquo;esprit et la s\u00e9curit\u00e9 de tous, nous avons renforc\u00e9 nos normes d&rsquo;hygi\u00e8ne d\u00e9j\u00e0 \u00e9lev\u00e9es sur place en fournissant une formation suppl\u00e9mentaire et des protocoles de d\u00e9sinfection \u00e0 notre personnel.<\/p>\n<p><a href=\"https:\/\/yays.com\/safety-to-smile\/\">Cliquez ici<\/a> pour en savoir plus.<\/p>\n"},{"faqs__question":"Puis-je annuler une r\u00e9servation en raison de restrictions de voyage ?","faqs__answer":"<p>Nous proposons diff\u00e9rentes conditions d&rsquo;annulation. Si vous n&rsquo;\u00eates pas s\u00fbr(e) de pouvoir voyager, nous vous recommandons de r\u00e9server votre appartement \u00e0 un tarif flexible. Cela vous permettra d&rsquo;annuler ou de modifier votre r\u00e9servation gratuitement jusqu&rsquo;\u00e0 72 heures avant votre date d&rsquo;arriv\u00e9e (apr\u00e8s cette date, votre r\u00e9servation ne sera plus remboursable).<\/p>\n<p>Si vous pr\u00e9f\u00e9rez pouvoir annuler ou modifier votre r\u00e9servation \u00e0 la derni\u00e8re minute, vous pouvez r\u00e9server selon un tarif semi flexible\u00a0: dans ce cas, lors de l&rsquo;annulation de votre s\u00e9jour, seuls les frais de la premi\u00e8re nuit seront factur\u00e9s.<\/p>\n<p>Malheureusement, nous ne serons pas en mesure d&rsquo;accorder un remboursement pour les r\u00e9servations annul\u00e9es ou modifi\u00e9es en vertu d&rsquo;une politique non remboursable.<\/p>\n"},{"faqs__question":"Dois-je porter un masque ?","faqs__answer":"<p>Nos politiques de s\u00e9curit\u00e9 sont conformes \u00e0 la r\u00e9glementation locale sur la s\u00e9curit\u00e9 Covid-19, qui peut inclure l&rsquo;obligation de porter un masque couvrant le nez, la bouche et le menton dans les zones communes int\u00e9rieures. Dans ce cas, vous serez inform\u00e9(e) par un panneau install\u00e9 dans les zones o\u00f9 un masque facial est requis.<\/p>\n<p>Veuillez vous r\u00e9f\u00e9rer aux sites Web gouvernementaux pour conna\u00eetre les derni\u00e8res r\u00e9glementations ou contacter notre service des r\u00e9servations pour en savoir plus.<\/p>\n"},{"faqs__question":"","faqs__answer":""},{"faqs__question":"","faqs__answer":""}]}]},"yoast_head":"<!-- This site is optimized with the Yoast SEO plugin v23.7 - https:\/\/yoast.com\/wordpress\/plugins\/seo\/ -->\n<title>FAQs - YAYS Aparthotels<\/title>\n<meta name=\"description\" content=\"Afin de vous fournir une r\u00e9ponse \u00e0 votre question aussi rapidement que possible, nous avons rassembl\u00e9 ici les questions les plus fr\u00e9quemment pos\u00e9es. Pour en savoir plus...\" \/>\n<meta name=\"robots\" content=\"noindex, follow\" \/>\n<meta property=\"og:locale\" content=\"fr_FR\" \/>\n<meta property=\"og:type\" content=\"article\" \/>\n<meta property=\"og:title\" content=\"FAQs - YAYS Aparthotels\" \/>\n<meta property=\"og:description\" content=\"Afin de vous fournir une r\u00e9ponse \u00e0 votre question aussi rapidement que possible, nous avons rassembl\u00e9 ici les questions les plus fr\u00e9quemment pos\u00e9es. Pour en savoir plus...\" \/>\n<meta property=\"og:url\" content=\"https:\/\/yays.com\/fr\/faqs\/\" \/>\n<meta property=\"og:site_name\" content=\"YAYS Aparthotels\" \/>\n<meta property=\"article:modified_time\" content=\"2023-01-23T14:24:14+00:00\" \/>\n<meta name=\"twitter:card\" content=\"summary_large_image\" \/>\n<script type=\"application\/ld+json\" class=\"yoast-schema-graph\">{\"@context\":\"https:\/\/schema.org\",\"@graph\":[{\"@type\":[\"WebPage\",\"FAQPage\"],\"@id\":\"https:\/\/yays.com\/fr\/faqs\/\",\"url\":\"https:\/\/yays.com\/fr\/faqs\/\",\"name\":\"FAQs - YAYS Aparthotels\",\"isPartOf\":{\"@id\":\"https:\/\/yays.com\/de\/#website\"},\"datePublished\":\"2021-07-25T21:08:15+00:00\",\"dateModified\":\"2023-01-23T14:24:14+00:00\",\"description\":\"Afin de vous fournir une r\u00e9ponse \u00e0 votre question aussi rapidement que possible, nous avons rassembl\u00e9 ici les questions les plus fr\u00e9quemment pos\u00e9es. Pour en savoir plus...\",\"breadcrumb\":{\"@id\":\"https:\/\/yays.com\/fr\/faqs\/#breadcrumb\"},\"inLanguage\":\"fr-FR\",\"potentialAction\":[{\"@type\":\"ReadAction\",\"target\":[\"https:\/\/yays.com\/fr\/faqs\/\"]}]},{\"@type\":\"BreadcrumbList\",\"@id\":\"https:\/\/yays.com\/fr\/faqs\/#breadcrumb\",\"itemListElement\":[{\"@type\":\"ListItem\",\"position\":1,\"name\":\"Home\",\"item\":\"https:\/\/yays.com\/fr\/\"},{\"@type\":\"ListItem\",\"position\":2,\"name\":\"FAQs\"}]},{\"@type\":\"WebSite\",\"@id\":\"https:\/\/yays.com\/de\/#website\",\"url\":\"https:\/\/yays.com\/de\/\",\"name\":\"YAYS Aparthotels\",\"description\":\"YAYS Aparthotels | Official Website\",\"publisher\":{\"@id\":\"https:\/\/yays.com\/de\/#organization\"},\"potentialAction\":[{\"@type\":\"SearchAction\",\"target\":{\"@type\":\"EntryPoint\",\"urlTemplate\":\"https:\/\/yays.com\/de\/?s={search_term_string}\"},\"query-input\":{\"@type\":\"PropertyValueSpecification\",\"valueRequired\":true,\"valueName\":\"search_term_string\"}}],\"inLanguage\":\"fr-FR\"},{\"@type\":\"Organization\",\"@id\":\"https:\/\/yays.com\/de\/#organization\",\"name\":\"YAYS Aparthotels\",\"url\":\"https:\/\/yays.com\/de\/\",\"logo\":{\"@type\":\"ImageObject\",\"inLanguage\":\"fr-FR\",\"@id\":\"https:\/\/yays.com\/de\/#\/schema\/logo\/image\/\",\"url\":\"https:\/\/yays.com\/wp-content\/uploads\/2021\/06\/yays-logos.svg\",\"contentUrl\":\"https:\/\/yays.com\/wp-content\/uploads\/2021\/06\/yays-logos.svg\",\"width\":120,\"height\":28,\"caption\":\"YAYS Aparthotels\"},\"image\":{\"@id\":\"https:\/\/yays.com\/de\/#\/schema\/logo\/image\/\"}}]}<\/script>\n<!-- \/ Yoast SEO plugin. -->","yoast_head_json":{"title":"FAQs - YAYS Aparthotels","description":"Afin de vous fournir une r\u00e9ponse \u00e0 votre question aussi rapidement que possible, nous avons rassembl\u00e9 ici les questions les plus fr\u00e9quemment pos\u00e9es. Pour en savoir plus...","robots":{"index":"noindex","follow":"follow"},"og_locale":"fr_FR","og_type":"article","og_title":"FAQs - YAYS Aparthotels","og_description":"Afin de vous fournir une r\u00e9ponse \u00e0 votre question aussi rapidement que possible, nous avons rassembl\u00e9 ici les questions les plus fr\u00e9quemment pos\u00e9es. Pour en savoir plus...","og_url":"https:\/\/yays.com\/fr\/faqs\/","og_site_name":"YAYS Aparthotels","article_modified_time":"2023-01-23T14:24:14+00:00","twitter_card":"summary_large_image","schema":{"@context":"https:\/\/schema.org","@graph":[{"@type":["WebPage","FAQPage"],"@id":"https:\/\/yays.com\/fr\/faqs\/","url":"https:\/\/yays.com\/fr\/faqs\/","name":"FAQs - YAYS Aparthotels","isPartOf":{"@id":"https:\/\/yays.com\/de\/#website"},"datePublished":"2021-07-25T21:08:15+00:00","dateModified":"2023-01-23T14:24:14+00:00","description":"Afin de vous fournir une r\u00e9ponse \u00e0 votre question aussi rapidement que possible, nous avons rassembl\u00e9 ici les questions les plus fr\u00e9quemment pos\u00e9es. Pour en savoir plus...","breadcrumb":{"@id":"https:\/\/yays.com\/fr\/faqs\/#breadcrumb"},"inLanguage":"fr-FR","potentialAction":[{"@type":"ReadAction","target":["https:\/\/yays.com\/fr\/faqs\/"]}]},{"@type":"BreadcrumbList","@id":"https:\/\/yays.com\/fr\/faqs\/#breadcrumb","itemListElement":[{"@type":"ListItem","position":1,"name":"Home","item":"https:\/\/yays.com\/fr\/"},{"@type":"ListItem","position":2,"name":"FAQs"}]},{"@type":"WebSite","@id":"https:\/\/yays.com\/de\/#website","url":"https:\/\/yays.com\/de\/","name":"YAYS Aparthotels","description":"YAYS Aparthotels | Official Website","publisher":{"@id":"https:\/\/yays.com\/de\/#organization"},"potentialAction":[{"@type":"SearchAction","target":{"@type":"EntryPoint","urlTemplate":"https:\/\/yays.com\/de\/?s={search_term_string}"},"query-input":{"@type":"PropertyValueSpecification","valueRequired":true,"valueName":"search_term_string"}}],"inLanguage":"fr-FR"},{"@type":"Organization","@id":"https:\/\/yays.com\/de\/#organization","name":"YAYS Aparthotels","url":"https:\/\/yays.com\/de\/","logo":{"@type":"ImageObject","inLanguage":"fr-FR","@id":"https:\/\/yays.com\/de\/#\/schema\/logo\/image\/","url":"https:\/\/yays.com\/wp-content\/uploads\/2021\/06\/yays-logos.svg","contentUrl":"https:\/\/yays.com\/wp-content\/uploads\/2021\/06\/yays-logos.svg","width":120,"height":28,"caption":"YAYS Aparthotels"},"image":{"@id":"https:\/\/yays.com\/de\/#\/schema\/logo\/image\/"}}]}},"_links":{"self":[{"href":"https:\/\/yays.com\/fr\/wp-json\/wp\/v2\/pages\/5358","targetHints":{"allow":["GET"]}}],"collection":[{"href":"https:\/\/yays.com\/fr\/wp-json\/wp\/v2\/pages"}],"about":[{"href":"https:\/\/yays.com\/fr\/wp-json\/wp\/v2\/types\/page"}],"author":[{"embeddable":true,"href":"https:\/\/yays.com\/fr\/wp-json\/wp\/v2\/users\/1"}],"replies":[{"embeddable":true,"href":"https:\/\/yays.com\/fr\/wp-json\/wp\/v2\/comments?post=5358"}],"version-history":[{"count":0,"href":"https:\/\/yays.com\/fr\/wp-json\/wp\/v2\/pages\/5358\/revisions"}],"wp:attachment":[{"href":"https:\/\/yays.com\/fr\/wp-json\/wp\/v2\/media?parent=5358"}],"curies":[{"name":"wp","href":"https:\/\/api.w.org\/{rel}","templated":true}]}}