{"id":5349,"date":"2021-07-20T14:22:32","date_gmt":"2021-07-20T14:22:32","guid":{"rendered":"https:\/\/yays.com\/about-us\/"},"modified":"2022-02-11T16:43:29","modified_gmt":"2022-02-11T16:43:29","slug":"uber-uns","status":"publish","type":"page","link":"https:\/\/yays.com\/de\/uber-uns\/","title":{"rendered":"\u00fcber uns"},"content":{"rendered":"","protected":false},"excerpt":{"rendered":"","protected":false},"author":1,"featured_media":2117,"parent":0,"menu_order":0,"comment_status":"closed","ping_status":"closed","template":"templates\/page-about.php","meta":{"_acf_changed":false,"footnotes":""},"class_list":["post-5349","page","type-page","status-publish","has-post-thumbnail","hentry"],"acf":{"about__by-yays-text":"In einem by YAYS Apartment erwartet Sie gewohnte YAYS-Qualit\u00e4t in unabh\u00e4ngiger Form mit selbstst\u00e4ndigem Check-in und externer Unterst\u00fctzung, wann immer Sie sie ben\u00f6tigen. Nat\u00fcrlich k\u00f6nnen Sie \u00fcber eine digitale Version des lokalen YAYS Neighbourhood Guides unsere wertvollen Insidertipps nutzen. Brauchen Sie w\u00e4hrend Ihres Aufenthaltes praktische Hilfe oder Empfehlungen? Sie k\u00f6nnen unsere Insider einfach per Chat kontaktieren.\r\n\r\n","insiders-about__insiders":[{"ID":5253,"post_author":"1","post_date":"2021-06-23 16:34:48","post_date_gmt":"2021-06-23 16:34:48","post_content":"","post_title":"Elana","post_excerpt":"","post_status":"publish","comment_status":"closed","ping_status":"closed","post_password":"","post_name":"donald-norman-2","to_ping":"","pinged":"","post_modified":"2021-11-14 21:58:02","post_modified_gmt":"2021-11-14 21:58:02","post_content_filtered":"","post_parent":0,"guid":"https:\/\/yays.com\/insiders\/donald-norman-2\/","menu_order":0,"post_type":"insiders","post_mime_type":"","comment_count":"0","filter":"raw"},{"ID":5247,"post_author":"1","post_date":"2021-06-23 15:44:52","post_date_gmt":"2021-06-23 15:44:52","post_content":"","post_title":"Mario","post_excerpt":"","post_status":"publish","comment_status":"closed","ping_status":"closed","post_password":"","post_name":"donald-norman","to_ping":"","pinged":"","post_modified":"2021-09-21 14:44:59","post_modified_gmt":"2021-09-21 14:44:59","post_content_filtered":"","post_parent":0,"guid":"https:\/\/yays.com\/insiders\/donald-norman\/","menu_order":0,"post_type":"insiders","post_mime_type":"","comment_count":"0","filter":"raw"},{"ID":5259,"post_author":"1","post_date":"2021-06-24 14:07:53","post_date_gmt":"2021-06-24 14:07:53","post_content":"","post_title":"Zoe","post_excerpt":"","post_status":"publish","comment_status":"closed","ping_status":"closed","post_password":"","post_name":"zoe","to_ping":"","pinged":"","post_modified":"2021-09-21 14:47:39","post_modified_gmt":"2021-09-21 14:47:39","post_content_filtered":"","post_parent":0,"guid":"https:\/\/yays.com\/insiders\/zoe\/","menu_order":0,"post_type":"insiders","post_mime_type":"","comment_count":"0","filter":"raw"},{"ID":5235,"post_author":"1","post_date":"2021-06-25 15:01:58","post_date_gmt":"2021-06-25 15:01:58","post_content":"","post_title":"Przemek","post_excerpt":"","post_status":"publish","comment_status":"closed","ping_status":"closed","post_password":"","post_name":"przemk","to_ping":"","pinged":"","post_modified":"2021-09-21 14:42:33","post_modified_gmt":"2021-09-21 14:42:33","post_content_filtered":"","post_parent":0,"guid":"https:\/\/yays.com\/insiders\/przemk\/","menu_order":0,"post_type":"insiders","post_mime_type":"","comment_count":"0","filter":"raw"}],"about__why-yays-image":1168,"about__by-yays-image":1502,"content_order":false,"title":"Das YAYS-Erlebnis","icons":[{"icon":"space","title":"Platz.","copy":"Gro\u00dfz\u00fcgiger als jedes Hotelzimmer, unabh\u00e4ngig und mitten im authentischen Leben. Ihr YAYS Apartment mit Concierge-Service ist Ihr Zuhause vor Ort."},{"icon":"style","title":"Stil.","copy":"Einzigartig und komfortabel, damit Sie Ihren Aufenthalt an einem wundersch\u00f6nen Ort genie\u00dfen k\u00f6nnen, ohne sich wie ein Tourist zu f\u00fchlen."},{"icon":"insiders","title":"Insider.","copy":"Mitarbeiter, die sich hier wirklich auskennen und Ihnen mit Tipps und Service ein authentisches Erlebnis erm\u00f6glichen."},{"icon":"neighbourhood","title":"Umgebung.","copy":"Die perfekte Lage bedeutet nicht, dass Sie mit der Masse gehen m\u00fcssen! Unsere Unterk\u00fcnfte bieten genau die richtige Mischung aus Bequemlichkeit und Seelennahrung."}],"best-option__table":[{"table-feature":{"icon":"medal","text":"Qualit\u00e4tsstandards"},"table-yays":"Ausgezeichnete Produkte und Services","table-by_yays":"Ausgezeichnete Produkte und Services","table-unbranded":"Keine Standards"},{"table-feature":{"icon":"warehouse-alt","text":"Extra Platz"},"table-yays":"Gro\u00dfz\u00fcgiges, intelligentes Design","table-by_yays":"Gro\u00dfz\u00fcgiges, intelligentes Design","table-unbranded":"Keine Standards"},{"table-feature":{"icon":"oven","text":"Selbstverpflegung"},"table-yays":"Voll ausgestattete K\u00fcche","table-by_yays":"Voll ausgestattete K\u00fcche","table-unbranded":"Keine Standards"},{"table-feature":{"icon":"users 1","text":"Gemeinschaftsbereiche"},"table-yays":"Begr\u00fc\u00dfungs- und Loungebereiche","table-by_yays":"Konzentration auf den eigenen Raum","table-unbranded":"Keine Standards"},{"table-feature":{"icon":"atlas","text":"Ortskenntnisse"},"table-yays":"Unlock the neighbourhood!","table-by_yays":"Unlock the neighbourhood! ","table-unbranded":"Nur Apartment"},{"table-feature":{"icon":"concierge-bell","text":"Personal"},"table-yays":"Insider rund um die Uhr vor Ort","table-by_yays":"Insider extern verf\u00fcgbar","table-unbranded":"Keine Standards"},{"table-feature":{"icon":"Map","text":"Erlebnisse im Viertel"},"table-yays":"Verf\u00fcgbar","table-by_yays":"Teilweise verf\u00fcgbar","table-unbranded":"Keine Standards"},{"table-feature":{"icon":"gift","text":"Zus\u00e4tzliche Services"},"table-yays":"Komplettes Aparthotel-Paket","table-by_yays":"Einige zus\u00e4tzliche Services","table-unbranded":"Keine Standards"}],"footer_icon_grid_settings":"global","about__about-yays-title":"\u00dcber YAYS","about__why-yays-title":"<p>YAYS Aparthotels<span style=\"color: #fe5c4d;\">:<\/span><\/p>\n","about__by-yays-title":"<p><span style=\"color: #2e4b58;\"><em>by<\/em> YAYS Apartments<\/span><span style=\"color: #38c5e3;\">.<\/span><\/p>\n","insiders-about__title":"Lokale Insider","best-option__title":"Ihre Wahl","about__about-yays-text":"H\u00e4uslicher Komfort oder urbanes Abenteuer? Platz und Lage oder Inspiration und Authentizit\u00e4t? Bei YAYS m\u00fcssen Sie sich nicht entscheiden. Erleben Sie stilvolle Apartments und authentisches Flair, von unseren Insidern kuratiert. Mit YAYS geh\u00f6ren Sie dazu, egal wohin die Reise geht.\r\n \r\nEin YAYS Apartment mit Concierge-Service bedeutet Freiheit. Die Freiheit auszugehen oder drin zu bleiben. Das Viertel zu entdecken oder h\u00e4uslichen Komfort zu genie\u00dfen.\r\n \r\nSie entscheiden, wie tief Sie in das \u00f6rtliche Leben eintauchen. Sind Sie bereit? Unser Team wei\u00df, wie man G\u00e4ste mit Tipps, lokalen Geschichten und Empfehlungen f\u00fcr unvergessliche und \u00fcberraschende Erlebnisse willkommen hei\u00dft. Unsere YAYS Insider sind Ihre hilfreichen neuen Freunde hier im Viertel. \r\n \r\nIhr YAYS Apartment mit Concierge-Service ist Ihr Zuhause vor Ort. Lernen Sie das Leben vor Ort kennen, indem Sie dazugeh\u00f6ren.","about__why-yays-text":"In einem YAYS Apartment erwarten Sie der Service eines Aparthotels, pers\u00f6nliche Unterst\u00fctzung und die Ortskenntnis eines YAYS Insiders. Sie werden sich sofort zu Hause f\u00fchlen. Unsere Insider vor Ort sorgen daf\u00fcr, dass Sie den Aufenthalt im Apartment genauso genie\u00dfen k\u00f6nnen wie Ihre Ausfl\u00fcge, und k\u00fcmmern sich jederzeit um Ihre W\u00fcnsche.\r\n\r\nIhr YAYS Apartment gen\u00fcgt h\u00f6chsten Anspr\u00fcchen in Bezug auf Stil und Ausstattung und h\u00e4lt einen kostenlosen, mit lokalen Tipps gef\u00fcllten YAYS Neighbourhood Guide f\u00fcr Sie bereit.","insiders-about__text":"Sie m\u00fcssen nicht alles wissen, sondern nur die richtigen Leute kennen. Ihr YAYS Insider ist Ihre unverzichtbare Verbindung zur Stadt.  Die Insider \u00fcbergeben Ihnen die Schl\u00fcssel und helfen bei praktischen Belangen. Aber lassen Sie sich auch ihre lokalen Tipps nicht entgehen. Sie beantworten Ihnen alle Fragen \u00fcber die Stadt, aber am liebsten teilen sie ihre Geheimtipps f\u00fcr die Erkundung des Viertels mit interessierten G\u00e4sten. Egal, ob Sie unkonventionelle Kultur, das beste Essen oder Vintageschn\u00e4ppchen suchen, Ihr YAYS Insider wei\u00df Bescheid.\r\nUnd nat\u00fcrlich haben Ihre YAYS Insider auch jede Menge eigene Geschichten \u2013 von Katzen, die gerne duschen, heimlichen Stand-up-Comedy-Karrieren, Witze in exotischen Sprachen \u2013 und freuen sich immer \u00fcber einen Plausch beim Kaffee in der Lobby. \r\nBei YAYS checken Sie als Gast ein und gehen als Insider wieder.","description":"Egal, ob Sie ein YAYS oder ein by YAYS Apartment buchen, es erwarten Sie gro\u00dfz\u00fcgige R\u00e4umlichkeiten, erstklassige Gastfreundschaft und hilfreiche lokale Tipps, die Sie in einem Hotel oder einer klassischen Ferienwohnung nicht finden.<br \/>\r\nDas T\u00fcpfelchen auf dem I ist die Lage direkt im Viertel. So erleben Sie einen einzigartigen, unvergesslichen Aufenthalt, egal ob Sie ein paar N\u00e4chte oder mehrere Monate bleiben.","mews_or_form":false,"anchor":"","padding_options":{"padding_top":"padding--top-default","padding_bottom":"padding--bottom-default"},"appearance":{"":null,"anchor":"","padding_options":{"padding_top":"padding--top-default","padding_bottom":"padding--bottom-default"}},"cta_module_copy":"<p><span style=\"color: #2e4b58;\">M\u00f6chten Sie in unserem jungen, dynamischen Team arbeiten<\/span><span style=\"color: #fe5c4d;\">?<\/span> <span style=\"color: #2e4b58;\">Bewerben Sie sich auf offene Stellen<\/span><span style=\"color: #fe5c4d;\">.<\/span><\/p>\n","cta_module_link":{"title":"siehe unsere offenen Stellen","url":"https:\/\/yays.recruitee.com\/","target":"_blank"},"mews_selector_offers":[{"ID":5146,"post_author":"4","post_date":"2021-07-14 09:49:49","post_date_gmt":"2021-07-14 09:49:49","post_content":"","post_title":"Amsterdam Docklands","post_excerpt":"","post_status":"publish","comment_status":"closed","ping_status":"closed","post_password":"","post_name":"docklands-aparthotel","to_ping":"","pinged":"","post_modified":"2024-05-23 15:15:34","post_modified_gmt":"2024-05-23 15:15:34","post_content_filtered":"","post_parent":5144,"guid":"https:\/\/yays.com\/cities\/amsterdam\/east\/docklands-aparthotel\/","menu_order":0,"post_type":"locations","post_mime_type":"","comment_count":"0","filter":"raw"}],"link":"","insiders":{"":null,"anchor":"","padding_options":{"padding_top":"padding--top-default","padding_bottom":"padding--bottom-default"}},"insiders__title":"","insiders__text":"","insiders__insiders":[{"ID":5253,"post_author":"1","post_date":"2021-06-23 16:34:48","post_date_gmt":"2021-06-23 16:34:48","post_content":"","post_title":"Elana","post_excerpt":"","post_status":"publish","comment_status":"closed","ping_status":"closed","post_password":"","post_name":"donald-norman-2","to_ping":"","pinged":"","post_modified":"2021-11-14 21:58:02","post_modified_gmt":"2021-11-14 21:58:02","post_content_filtered":"","post_parent":0,"guid":"https:\/\/yays.com\/insiders\/donald-norman-2\/","menu_order":0,"post_type":"insiders","post_mime_type":"","comment_count":"0","filter":"raw"},{"ID":5247,"post_author":"1","post_date":"2021-06-23 15:44:52","post_date_gmt":"2021-06-23 15:44:52","post_content":"","post_title":"Mario","post_excerpt":"","post_status":"publish","comment_status":"closed","ping_status":"closed","post_password":"","post_name":"donald-norman","to_ping":"","pinged":"","post_modified":"2021-09-21 14:44:59","post_modified_gmt":"2021-09-21 14:44:59","post_content_filtered":"","post_parent":0,"guid":"https:\/\/yays.com\/insiders\/donald-norman\/","menu_order":0,"post_type":"insiders","post_mime_type":"","comment_count":"0","filter":"raw"},{"ID":5235,"post_author":"1","post_date":"2021-06-25 15:01:58","post_date_gmt":"2021-06-25 15:01:58","post_content":"","post_title":"Przemek","post_excerpt":"","post_status":"publish","comment_status":"closed","ping_status":"closed","post_password":"","post_name":"przemk","to_ping":"","pinged":"","post_modified":"2021-09-21 14:42:33","post_modified_gmt":"2021-09-21 14:42:33","post_content_filtered":"","post_parent":0,"guid":"https:\/\/yays.com\/insiders\/przemk\/","menu_order":0,"post_type":"insiders","post_mime_type":"","comment_count":"0","filter":"raw"},{"ID":5241,"post_author":"4","post_date":"2021-07-14 13:38:26","post_date_gmt":"2021-07-14 13:38:26","post_content":"","post_title":"Thomas","post_excerpt":"","post_status":"publish","comment_status":"closed","ping_status":"closed","post_password":"","post_name":"thomas","to_ping":"","pinged":"","post_modified":"2021-09-21 14:43:54","post_modified_gmt":"2021-09-21 14:43:54","post_content_filtered":"","post_parent":0,"guid":"https:\/\/yays.com\/insiders\/thomas\/","menu_order":0,"post_type":"insiders","post_mime_type":"","comment_count":"0","filter":"raw"}],"best-option__bg-image":"https:\/\/cdn.yays.com\/wp-content\/uploads\/2022\/09\/26135407\/YA65DA1-scaled.jpg","hero_image":{"ID":8330,"id":8330,"title":"YAYS","filename":"YAYS_ANTOP_Lifestyle_Couple-21-scaled-e1668170502867.jpg","filesize":746736,"url":"https:\/\/cdn.yays.com\/wp-content\/uploads\/2022\/11\/11124054\/YAYS_ANTOP_Lifestyle_Couple-21-scaled-e1668170502867.jpg","link":"https:\/\/yays.com\/de\/about-us\/yays-16\/","alt":"","author":"7","description":"","caption":"","name":"yays-16","status":"inherit","uploaded_to":2059,"date":"2022-11-11 12:40:52","modified":"2022-11-11 12:40:52","menu_order":0,"mime_type":"image\/jpeg","type":"image","subtype":"jpeg","icon":"https:\/\/yays.com\/wp-includes\/images\/media\/default.png","width":2540,"height":1580,"sizes":{"thumbnail":"https:\/\/cdn.yays.com\/wp-content\/uploads\/2022\/11\/11124054\/YAYS_ANTOP_Lifestyle_Couple-21-scaled-e1668170502867-150x150.jpg","thumbnail-width":150,"thumbnail-height":150,"medium":"https:\/\/cdn.yays.com\/wp-content\/uploads\/2022\/11\/11124054\/YAYS_ANTOP_Lifestyle_Couple-21-scaled-e1668170502867-300x187.jpg","medium-width":300,"medium-height":187,"medium_large":"https:\/\/cdn.yays.com\/wp-content\/uploads\/2022\/11\/11124054\/YAYS_ANTOP_Lifestyle_Couple-21-scaled-e1668170502867-768x478.jpg","medium_large-width":768,"medium_large-height":478,"large":"https:\/\/cdn.yays.com\/wp-content\/uploads\/2022\/11\/11124054\/YAYS_ANTOP_Lifestyle_Couple-21-scaled-e1668170502867-1024x637.jpg","large-width":1024,"large-height":637,"1536x1536":"https:\/\/cdn.yays.com\/wp-content\/uploads\/2022\/11\/11124054\/YAYS_ANTOP_Lifestyle_Couple-21-scaled-e1668170502867-1536x955.jpg","1536x1536-width":1536,"1536x1536-height":955,"2048x2048":"https:\/\/cdn.yays.com\/wp-content\/uploads\/2022\/11\/11124054\/YAYS_ANTOP_Lifestyle_Couple-21-scaled-e1668170502867-2048x1274.jpg","2048x2048-width":2048,"2048x2048-height":1274}},"wide-image__image":{"ID":8331,"id":8331,"title":"yays-antwerp-opera-map","filename":"yays-antwerp-opera-map-scaled.jpg","filesize":531422,"url":"https:\/\/cdn.yays.com\/wp-content\/uploads\/2022\/11\/11124605\/yays-antwerp-opera-map-scaled.jpg","link":"https:\/\/yays.com\/de\/about-us\/yays-antwerp-opera-map-3\/","alt":"","author":"7","description":"","caption":"","name":"yays-antwerp-opera-map-3","status":"inherit","uploaded_to":2059,"date":"2022-11-11 12:46:02","modified":"2022-11-11 12:46:02","menu_order":0,"mime_type":"image\/jpeg","type":"image","subtype":"jpeg","icon":"https:\/\/yays.com\/wp-includes\/images\/media\/default.png","width":2560,"height":1707,"sizes":{"thumbnail":"https:\/\/cdn.yays.com\/wp-content\/uploads\/2022\/11\/11124605\/yays-antwerp-opera-map-150x150.jpg","thumbnail-width":150,"thumbnail-height":150,"medium":"https:\/\/cdn.yays.com\/wp-content\/uploads\/2022\/11\/11124605\/yays-antwerp-opera-map-300x200.jpg","medium-width":300,"medium-height":200,"medium_large":"https:\/\/cdn.yays.com\/wp-content\/uploads\/2022\/11\/11124605\/yays-antwerp-opera-map-768x512.jpg","medium_large-width":768,"medium_large-height":512,"large":"https:\/\/cdn.yays.com\/wp-content\/uploads\/2022\/11\/11124605\/yays-antwerp-opera-map-1024x683.jpg","large-width":1024,"large-height":683,"1536x1536":"https:\/\/cdn.yays.com\/wp-content\/uploads\/2022\/11\/11124605\/yays-antwerp-opera-map-1536x1024.jpg","1536x1536-width":1536,"1536x1536-height":1024,"2048x2048":"https:\/\/cdn.yays.com\/wp-content\/uploads\/2022\/11\/11124605\/yays-antwerp-opera-map-2048x1365.jpg","2048x2048-width":2048,"2048x2048-height":1365}}},"yoast_head":"<!-- This site is optimized with the Yoast SEO plugin v23.7 - https:\/\/yoast.com\/wordpress\/plugins\/seo\/ -->\n<title>\u00fcber uns - YAYS Aparthotels<\/title>\n<meta name=\"description\" content=\"Stilvolle Wohnungen und lokale Erlebnisse. YAYS ist eine einzigartige Kombination aus ger\u00e4umigem Wohnraum und aufschlussreichen Ortskenntnissen.\" \/>\n<meta name=\"robots\" content=\"noindex, follow\" \/>\n<meta property=\"og:locale\" content=\"de_DE\" \/>\n<meta property=\"og:type\" content=\"article\" \/>\n<meta property=\"og:title\" content=\"\u00fcber uns - YAYS Aparthotels\" \/>\n<meta property=\"og:description\" content=\"Stilvolle Wohnungen und lokale Erlebnisse. YAYS ist eine einzigartige Kombination aus ger\u00e4umigem Wohnraum und aufschlussreichen Ortskenntnissen.\" \/>\n<meta property=\"og:url\" content=\"https:\/\/yays.com\/de\/uber-uns\/\" \/>\n<meta property=\"og:site_name\" content=\"YAYS Aparthotels\" \/>\n<meta property=\"article:modified_time\" content=\"2022-02-11T16:43:29+00:00\" \/>\n<meta property=\"og:image\" content=\"https:\/\/cdn.yays.com\/wp-content\/uploads\/2021\/07\/20134911\/yays-the-hague-lifestyle-insider-guest-hero.jpg\" \/>\n\t<meta property=\"og:image:width\" content=\"1920\" \/>\n\t<meta property=\"og:image:height\" content=\"1080\" \/>\n\t<meta property=\"og:image:type\" content=\"image\/jpeg\" \/>\n<meta name=\"twitter:card\" content=\"summary_large_image\" \/>\n<script type=\"application\/ld+json\" class=\"yoast-schema-graph\">{\"@context\":\"https:\/\/schema.org\",\"@graph\":[{\"@type\":\"WebPage\",\"@id\":\"https:\/\/yays.com\/de\/uber-uns\/\",\"url\":\"https:\/\/yays.com\/de\/uber-uns\/\",\"name\":\"\u00fcber uns - YAYS Aparthotels\",\"isPartOf\":{\"@id\":\"https:\/\/yays.com\/de\/#website\"},\"primaryImageOfPage\":{\"@id\":\"https:\/\/yays.com\/de\/uber-uns\/#primaryimage\"},\"image\":{\"@id\":\"https:\/\/yays.com\/de\/uber-uns\/#primaryimage\"},\"thumbnailUrl\":\"https:\/\/cdn.yays.com\/wp-content\/uploads\/2021\/07\/20134911\/yays-the-hague-lifestyle-insider-guest-hero.jpg\",\"datePublished\":\"2021-07-20T14:22:32+00:00\",\"dateModified\":\"2022-02-11T16:43:29+00:00\",\"description\":\"Stilvolle Wohnungen und lokale Erlebnisse. YAYS ist eine einzigartige Kombination aus ger\u00e4umigem Wohnraum und aufschlussreichen Ortskenntnissen.\",\"breadcrumb\":{\"@id\":\"https:\/\/yays.com\/de\/uber-uns\/#breadcrumb\"},\"inLanguage\":\"de-DE\",\"potentialAction\":[{\"@type\":\"ReadAction\",\"target\":[\"https:\/\/yays.com\/de\/uber-uns\/\"]}]},{\"@type\":\"ImageObject\",\"inLanguage\":\"de-DE\",\"@id\":\"https:\/\/yays.com\/de\/uber-uns\/#primaryimage\",\"url\":\"https:\/\/cdn.yays.com\/wp-content\/uploads\/2021\/07\/20134911\/yays-the-hague-lifestyle-insider-guest-hero.jpg\",\"contentUrl\":\"https:\/\/cdn.yays.com\/wp-content\/uploads\/2021\/07\/20134911\/yays-the-hague-lifestyle-insider-guest-hero.jpg\",\"width\":1920,\"height\":1080,\"caption\":\"YAYS The Hague Willemspark Concierge\"},{\"@type\":\"BreadcrumbList\",\"@id\":\"https:\/\/yays.com\/de\/uber-uns\/#breadcrumb\",\"itemListElement\":[{\"@type\":\"ListItem\",\"position\":1,\"name\":\"Home\",\"item\":\"https:\/\/yays.com\/de\/\"},{\"@type\":\"ListItem\",\"position\":2,\"name\":\"\u00fcber uns\"}]},{\"@type\":\"WebSite\",\"@id\":\"https:\/\/yays.com\/de\/#website\",\"url\":\"https:\/\/yays.com\/de\/\",\"name\":\"YAYS Aparthotels\",\"description\":\"YAYS Aparthotels | Official Website\",\"publisher\":{\"@id\":\"https:\/\/yays.com\/de\/#organization\"},\"potentialAction\":[{\"@type\":\"SearchAction\",\"target\":{\"@type\":\"EntryPoint\",\"urlTemplate\":\"https:\/\/yays.com\/de\/?s={search_term_string}\"},\"query-input\":{\"@type\":\"PropertyValueSpecification\",\"valueRequired\":true,\"valueName\":\"search_term_string\"}}],\"inLanguage\":\"de-DE\"},{\"@type\":\"Organization\",\"@id\":\"https:\/\/yays.com\/de\/#organization\",\"name\":\"YAYS Aparthotels\",\"url\":\"https:\/\/yays.com\/de\/\",\"logo\":{\"@type\":\"ImageObject\",\"inLanguage\":\"de-DE\",\"@id\":\"https:\/\/yays.com\/de\/#\/schema\/logo\/image\/\",\"url\":\"https:\/\/yays.com\/wp-content\/uploads\/2021\/06\/yays-logos.svg\",\"contentUrl\":\"https:\/\/yays.com\/wp-content\/uploads\/2021\/06\/yays-logos.svg\",\"width\":120,\"height\":28,\"caption\":\"YAYS Aparthotels\"},\"image\":{\"@id\":\"https:\/\/yays.com\/de\/#\/schema\/logo\/image\/\"}}]}<\/script>\n<!-- \/ Yoast SEO plugin. -->","yoast_head_json":{"title":"\u00fcber uns - YAYS Aparthotels","description":"Stilvolle Wohnungen und lokale Erlebnisse. YAYS ist eine einzigartige Kombination aus ger\u00e4umigem Wohnraum und aufschlussreichen Ortskenntnissen.","robots":{"index":"noindex","follow":"follow"},"og_locale":"de_DE","og_type":"article","og_title":"\u00fcber uns - YAYS Aparthotels","og_description":"Stilvolle Wohnungen und lokale Erlebnisse. YAYS ist eine einzigartige Kombination aus ger\u00e4umigem Wohnraum und aufschlussreichen Ortskenntnissen.","og_url":"https:\/\/yays.com\/de\/uber-uns\/","og_site_name":"YAYS Aparthotels","article_modified_time":"2022-02-11T16:43:29+00:00","og_image":[{"width":1920,"height":1080,"url":"https:\/\/cdn.yays.com\/wp-content\/uploads\/2021\/07\/20134911\/yays-the-hague-lifestyle-insider-guest-hero.jpg","type":"image\/jpeg"}],"twitter_card":"summary_large_image","schema":{"@context":"https:\/\/schema.org","@graph":[{"@type":"WebPage","@id":"https:\/\/yays.com\/de\/uber-uns\/","url":"https:\/\/yays.com\/de\/uber-uns\/","name":"\u00fcber uns - YAYS Aparthotels","isPartOf":{"@id":"https:\/\/yays.com\/de\/#website"},"primaryImageOfPage":{"@id":"https:\/\/yays.com\/de\/uber-uns\/#primaryimage"},"image":{"@id":"https:\/\/yays.com\/de\/uber-uns\/#primaryimage"},"thumbnailUrl":"https:\/\/cdn.yays.com\/wp-content\/uploads\/2021\/07\/20134911\/yays-the-hague-lifestyle-insider-guest-hero.jpg","datePublished":"2021-07-20T14:22:32+00:00","dateModified":"2022-02-11T16:43:29+00:00","description":"Stilvolle Wohnungen und lokale Erlebnisse. YAYS ist eine einzigartige Kombination aus ger\u00e4umigem Wohnraum und aufschlussreichen Ortskenntnissen.","breadcrumb":{"@id":"https:\/\/yays.com\/de\/uber-uns\/#breadcrumb"},"inLanguage":"de-DE","potentialAction":[{"@type":"ReadAction","target":["https:\/\/yays.com\/de\/uber-uns\/"]}]},{"@type":"ImageObject","inLanguage":"de-DE","@id":"https:\/\/yays.com\/de\/uber-uns\/#primaryimage","url":"https:\/\/cdn.yays.com\/wp-content\/uploads\/2021\/07\/20134911\/yays-the-hague-lifestyle-insider-guest-hero.jpg","contentUrl":"https:\/\/cdn.yays.com\/wp-content\/uploads\/2021\/07\/20134911\/yays-the-hague-lifestyle-insider-guest-hero.jpg","width":1920,"height":1080,"caption":"YAYS The Hague Willemspark Concierge"},{"@type":"BreadcrumbList","@id":"https:\/\/yays.com\/de\/uber-uns\/#breadcrumb","itemListElement":[{"@type":"ListItem","position":1,"name":"Home","item":"https:\/\/yays.com\/de\/"},{"@type":"ListItem","position":2,"name":"\u00fcber uns"}]},{"@type":"WebSite","@id":"https:\/\/yays.com\/de\/#website","url":"https:\/\/yays.com\/de\/","name":"YAYS Aparthotels","description":"YAYS Aparthotels | Official Website","publisher":{"@id":"https:\/\/yays.com\/de\/#organization"},"potentialAction":[{"@type":"SearchAction","target":{"@type":"EntryPoint","urlTemplate":"https:\/\/yays.com\/de\/?s={search_term_string}"},"query-input":{"@type":"PropertyValueSpecification","valueRequired":true,"valueName":"search_term_string"}}],"inLanguage":"de-DE"},{"@type":"Organization","@id":"https:\/\/yays.com\/de\/#organization","name":"YAYS Aparthotels","url":"https:\/\/yays.com\/de\/","logo":{"@type":"ImageObject","inLanguage":"de-DE","@id":"https:\/\/yays.com\/de\/#\/schema\/logo\/image\/","url":"https:\/\/yays.com\/wp-content\/uploads\/2021\/06\/yays-logos.svg","contentUrl":"https:\/\/yays.com\/wp-content\/uploads\/2021\/06\/yays-logos.svg","width":120,"height":28,"caption":"YAYS Aparthotels"},"image":{"@id":"https:\/\/yays.com\/de\/#\/schema\/logo\/image\/"}}]}},"_links":{"self":[{"href":"https:\/\/yays.com\/de\/wp-json\/wp\/v2\/pages\/5349","targetHints":{"allow":["GET"]}}],"collection":[{"href":"https:\/\/yays.com\/de\/wp-json\/wp\/v2\/pages"}],"about":[{"href":"https:\/\/yays.com\/de\/wp-json\/wp\/v2\/types\/page"}],"author":[{"embeddable":true,"href":"https:\/\/yays.com\/de\/wp-json\/wp\/v2\/users\/1"}],"replies":[{"embeddable":true,"href":"https:\/\/yays.com\/de\/wp-json\/wp\/v2\/comments?post=5349"}],"version-history":[{"count":0,"href":"https:\/\/yays.com\/de\/wp-json\/wp\/v2\/pages\/5349\/revisions"}],"wp:featuredmedia":[{"embeddable":true,"href":"https:\/\/yays.com\/de\/wp-json\/wp\/v2\/media\/2117"}],"wp:attachment":[{"href":"https:\/\/yays.com\/de\/wp-json\/wp\/v2\/media?parent=5349"}],"curies":[{"name":"wp","href":"https:\/\/api.w.org\/{rel}","templated":true}]}}