{"id":5176,"date":"2021-07-23T08:40:50","date_gmt":"2021-07-23T08:40:50","guid":{"rendered":"https:\/\/yays.com\/contact\/"},"modified":"2021-10-06T07:07:14","modified_gmt":"2021-10-06T07:07:14","slug":"kontakt","status":"publish","type":"page","link":"https:\/\/yays.com\/de\/kontakt\/","title":{"rendered":"Kontakt"},"content":{"rendered":"","protected":false},"excerpt":{"rendered":"","protected":false},"author":1,"featured_media":2741,"parent":0,"menu_order":0,"comment_status":"closed","ping_status":"closed","template":"templates\/page-contact.php","meta":{"_acf_changed":false,"footnotes":""},"class_list":["post-5176","page","type-page","status-publish","has-post-thumbnail","hentry"],"acf":{"contact_flexible_content":[{"acf_fc_layout":"contact","title_colorized_seo_title":{"text":"<p>Senden Sie uns eine Nachricht<span style=\"color: #fe5c4d;\">.<\/span><\/p>\n","tag_selector":"H1"},"contact__copy":"Aber genug \u00fcber uns. Wir freuen uns, von Ihnen zu h\u00f6ren. Sie m\u00f6chten ein Apartment reservieren, sind einer unserer Nachbarn oder Partner oder m\u00f6chten mit uns zusammenarbeiten? Schreiben Sie uns, wir melden uns umgehend bei Ihnen.","contact__image":{"ID":2741,"id":2741,"title":"yays-employees-phone","filename":"yays-employees-phone.jpg","filesize":1,"url":"https:\/\/cdn.yays.com\/wp-content\/uploads\/2021\/07\/26144114\/yays-employees-phone.jpg","link":"https:\/\/yays.com\/de\/contact-yays-aparthotels\/yays-employees-phone\/","alt":"YAYS Insider, Phone","author":"7","description":"","caption":"","name":"yays-employees-phone","status":"inherit","uploaded_to":2177,"date":"2021-07-26 14:41:14","modified":"2021-07-26 14:41:27","menu_order":0,"mime_type":"image\/jpeg","type":"image","subtype":"jpeg","icon":"https:\/\/yays.com\/wp-includes\/images\/media\/default.png","width":1200,"height":1200,"sizes":{"thumbnail":"https:\/\/cdn.yays.com\/wp-content\/uploads\/2021\/07\/26144114\/yays-employees-phone-150x150.jpg","thumbnail-width":150,"thumbnail-height":150,"medium":"https:\/\/cdn.yays.com\/wp-content\/uploads\/2021\/07\/26144114\/yays-employees-phone-300x300.jpg","medium-width":300,"medium-height":300,"medium_large":"https:\/\/cdn.yays.com\/wp-content\/uploads\/2021\/07\/26144114\/yays-employees-phone-768x768.jpg","medium_large-width":768,"medium_large-height":768,"large":"https:\/\/cdn.yays.com\/wp-content\/uploads\/2021\/07\/26144114\/yays-employees-phone-1024x1024.jpg","large-width":1024,"large-height":1024,"1536x1536":"https:\/\/cdn.yays.com\/wp-content\/uploads\/2021\/07\/26144114\/yays-employees-phone.jpg","1536x1536-width":1200,"1536x1536-height":1200,"2048x2048":"https:\/\/cdn.yays.com\/wp-content\/uploads\/2021\/07\/26144114\/yays-employees-phone.jpg","2048x2048-width":1200,"2048x2048-height":1200}},"anchor":"","padding_options":{"padding_top":"padding--top-default","padding_bottom":"padding--bottom-default"},"contact__form":6}]},"yoast_head":"<!-- This site is optimized with the Yoast SEO plugin v23.7 - https:\/\/yoast.com\/wordpress\/plugins\/seo\/ -->\n<title>Kontakt - YAYS Aparthotels<\/title>\n<meta name=\"description\" content=\"We always love to hear from you, please drop us a line and we will get right back to you.\" \/>\n<meta name=\"robots\" content=\"noindex, follow\" \/>\n<meta property=\"og:locale\" content=\"de_DE\" \/>\n<meta property=\"og:type\" content=\"article\" \/>\n<meta property=\"og:title\" content=\"Kontakt - YAYS Aparthotels\" \/>\n<meta property=\"og:description\" content=\"We always love to hear from you, please drop us a line and we will get right back to you.\" \/>\n<meta property=\"og:url\" content=\"https:\/\/yays.com\/de\/kontakt\/\" \/>\n<meta property=\"og:site_name\" content=\"YAYS Aparthotels\" \/>\n<meta property=\"article:modified_time\" content=\"2021-10-06T07:07:14+00:00\" \/>\n<meta property=\"og:image\" content=\"https:\/\/cdn.yays.com\/wp-content\/uploads\/2021\/07\/26144114\/yays-employees-phone.jpg\" \/>\n\t<meta property=\"og:image:width\" content=\"1200\" \/>\n\t<meta property=\"og:image:height\" content=\"1200\" \/>\n\t<meta property=\"og:image:type\" content=\"image\/jpeg\" \/>\n<meta name=\"twitter:card\" content=\"summary_large_image\" \/>\n<script type=\"application\/ld+json\" class=\"yoast-schema-graph\">{\"@context\":\"https:\/\/schema.org\",\"@graph\":[{\"@type\":\"WebPage\",\"@id\":\"https:\/\/yays.com\/de\/kontakt\/\",\"url\":\"https:\/\/yays.com\/de\/kontakt\/\",\"name\":\"Kontakt - YAYS Aparthotels\",\"isPartOf\":{\"@id\":\"https:\/\/yays.com\/de\/#website\"},\"primaryImageOfPage\":{\"@id\":\"https:\/\/yays.com\/de\/kontakt\/#primaryimage\"},\"image\":{\"@id\":\"https:\/\/yays.com\/de\/kontakt\/#primaryimage\"},\"thumbnailUrl\":\"https:\/\/cdn.yays.com\/wp-content\/uploads\/2021\/07\/26144114\/yays-employees-phone.jpg\",\"datePublished\":\"2021-07-23T08:40:50+00:00\",\"dateModified\":\"2021-10-06T07:07:14+00:00\",\"description\":\"We always love to hear from you, please drop us a line and we will get right back to you.\",\"breadcrumb\":{\"@id\":\"https:\/\/yays.com\/de\/kontakt\/#breadcrumb\"},\"inLanguage\":\"de-DE\",\"potentialAction\":[{\"@type\":\"ReadAction\",\"target\":[\"https:\/\/yays.com\/de\/kontakt\/\"]}]},{\"@type\":\"ImageObject\",\"inLanguage\":\"de-DE\",\"@id\":\"https:\/\/yays.com\/de\/kontakt\/#primaryimage\",\"url\":\"https:\/\/cdn.yays.com\/wp-content\/uploads\/2021\/07\/26144114\/yays-employees-phone.jpg\",\"contentUrl\":\"https:\/\/cdn.yays.com\/wp-content\/uploads\/2021\/07\/26144114\/yays-employees-phone.jpg\",\"width\":1200,\"height\":1200,\"caption\":\"YAYS Insider, Phone\"},{\"@type\":\"BreadcrumbList\",\"@id\":\"https:\/\/yays.com\/de\/kontakt\/#breadcrumb\",\"itemListElement\":[{\"@type\":\"ListItem\",\"position\":1,\"name\":\"Home\",\"item\":\"https:\/\/yays.com\/de\/\"},{\"@type\":\"ListItem\",\"position\":2,\"name\":\"Kontakt\"}]},{\"@type\":\"WebSite\",\"@id\":\"https:\/\/yays.com\/de\/#website\",\"url\":\"https:\/\/yays.com\/de\/\",\"name\":\"YAYS Aparthotels\",\"description\":\"YAYS Aparthotels | Official Website\",\"publisher\":{\"@id\":\"https:\/\/yays.com\/de\/#organization\"},\"potentialAction\":[{\"@type\":\"SearchAction\",\"target\":{\"@type\":\"EntryPoint\",\"urlTemplate\":\"https:\/\/yays.com\/de\/?s={search_term_string}\"},\"query-input\":{\"@type\":\"PropertyValueSpecification\",\"valueRequired\":true,\"valueName\":\"search_term_string\"}}],\"inLanguage\":\"de-DE\"},{\"@type\":\"Organization\",\"@id\":\"https:\/\/yays.com\/de\/#organization\",\"name\":\"YAYS Aparthotels\",\"url\":\"https:\/\/yays.com\/de\/\",\"logo\":{\"@type\":\"ImageObject\",\"inLanguage\":\"de-DE\",\"@id\":\"https:\/\/yays.com\/de\/#\/schema\/logo\/image\/\",\"url\":\"https:\/\/yays.com\/wp-content\/uploads\/2021\/06\/yays-logos.svg\",\"contentUrl\":\"https:\/\/yays.com\/wp-content\/uploads\/2021\/06\/yays-logos.svg\",\"width\":120,\"height\":28,\"caption\":\"YAYS Aparthotels\"},\"image\":{\"@id\":\"https:\/\/yays.com\/de\/#\/schema\/logo\/image\/\"}}]}<\/script>\n<!-- \/ Yoast SEO plugin. -->","yoast_head_json":{"title":"Kontakt - YAYS Aparthotels","description":"We always love to hear from you, please drop us a line and we will get right back to you.","robots":{"index":"noindex","follow":"follow"},"og_locale":"de_DE","og_type":"article","og_title":"Kontakt - YAYS Aparthotels","og_description":"We always love to hear from you, please drop us a line and we will get right back to you.","og_url":"https:\/\/yays.com\/de\/kontakt\/","og_site_name":"YAYS Aparthotels","article_modified_time":"2021-10-06T07:07:14+00:00","og_image":[{"width":1200,"height":1200,"url":"https:\/\/cdn.yays.com\/wp-content\/uploads\/2021\/07\/26144114\/yays-employees-phone.jpg","type":"image\/jpeg"}],"twitter_card":"summary_large_image","schema":{"@context":"https:\/\/schema.org","@graph":[{"@type":"WebPage","@id":"https:\/\/yays.com\/de\/kontakt\/","url":"https:\/\/yays.com\/de\/kontakt\/","name":"Kontakt - YAYS Aparthotels","isPartOf":{"@id":"https:\/\/yays.com\/de\/#website"},"primaryImageOfPage":{"@id":"https:\/\/yays.com\/de\/kontakt\/#primaryimage"},"image":{"@id":"https:\/\/yays.com\/de\/kontakt\/#primaryimage"},"thumbnailUrl":"https:\/\/cdn.yays.com\/wp-content\/uploads\/2021\/07\/26144114\/yays-employees-phone.jpg","datePublished":"2021-07-23T08:40:50+00:00","dateModified":"2021-10-06T07:07:14+00:00","description":"We always love to hear from you, please drop us a line and we will get right back to you.","breadcrumb":{"@id":"https:\/\/yays.com\/de\/kontakt\/#breadcrumb"},"inLanguage":"de-DE","potentialAction":[{"@type":"ReadAction","target":["https:\/\/yays.com\/de\/kontakt\/"]}]},{"@type":"ImageObject","inLanguage":"de-DE","@id":"https:\/\/yays.com\/de\/kontakt\/#primaryimage","url":"https:\/\/cdn.yays.com\/wp-content\/uploads\/2021\/07\/26144114\/yays-employees-phone.jpg","contentUrl":"https:\/\/cdn.yays.com\/wp-content\/uploads\/2021\/07\/26144114\/yays-employees-phone.jpg","width":1200,"height":1200,"caption":"YAYS Insider, Phone"},{"@type":"BreadcrumbList","@id":"https:\/\/yays.com\/de\/kontakt\/#breadcrumb","itemListElement":[{"@type":"ListItem","position":1,"name":"Home","item":"https:\/\/yays.com\/de\/"},{"@type":"ListItem","position":2,"name":"Kontakt"}]},{"@type":"WebSite","@id":"https:\/\/yays.com\/de\/#website","url":"https:\/\/yays.com\/de\/","name":"YAYS Aparthotels","description":"YAYS Aparthotels | Official Website","publisher":{"@id":"https:\/\/yays.com\/de\/#organization"},"potentialAction":[{"@type":"SearchAction","target":{"@type":"EntryPoint","urlTemplate":"https:\/\/yays.com\/de\/?s={search_term_string}"},"query-input":{"@type":"PropertyValueSpecification","valueRequired":true,"valueName":"search_term_string"}}],"inLanguage":"de-DE"},{"@type":"Organization","@id":"https:\/\/yays.com\/de\/#organization","name":"YAYS Aparthotels","url":"https:\/\/yays.com\/de\/","logo":{"@type":"ImageObject","inLanguage":"de-DE","@id":"https:\/\/yays.com\/de\/#\/schema\/logo\/image\/","url":"https:\/\/yays.com\/wp-content\/uploads\/2021\/06\/yays-logos.svg","contentUrl":"https:\/\/yays.com\/wp-content\/uploads\/2021\/06\/yays-logos.svg","width":120,"height":28,"caption":"YAYS Aparthotels"},"image":{"@id":"https:\/\/yays.com\/de\/#\/schema\/logo\/image\/"}}]}},"_links":{"self":[{"href":"https:\/\/yays.com\/de\/wp-json\/wp\/v2\/pages\/5176","targetHints":{"allow":["GET"]}}],"collection":[{"href":"https:\/\/yays.com\/de\/wp-json\/wp\/v2\/pages"}],"about":[{"href":"https:\/\/yays.com\/de\/wp-json\/wp\/v2\/types\/page"}],"author":[{"embeddable":true,"href":"https:\/\/yays.com\/de\/wp-json\/wp\/v2\/users\/1"}],"replies":[{"embeddable":true,"href":"https:\/\/yays.com\/de\/wp-json\/wp\/v2\/comments?post=5176"}],"version-history":[{"count":0,"href":"https:\/\/yays.com\/de\/wp-json\/wp\/v2\/pages\/5176\/revisions"}],"wp:featuredmedia":[{"embeddable":true,"href":"https:\/\/yays.com\/de\/wp-json\/wp\/v2\/media\/2741"}],"wp:attachment":[{"href":"https:\/\/yays.com\/de\/wp-json\/wp\/v2\/media?parent=5176"}],"curies":[{"name":"wp","href":"https:\/\/api.w.org\/{rel}","templated":true}]}}